{"id":26,"date":"2022-02-25T05:53:54","date_gmt":"2022-02-25T05:53:54","guid":{"rendered":"https:\/\/devconnector01.de\/?page_id=26"},"modified":"2026-01-20T09:16:36","modified_gmt":"2026-01-20T08:16:36","slug":"contact","status":"publish","type":"page","link":"https:\/\/www.passenger-coffee.de\/en\/kontakt\/","title":{"rendered":"Contact"},"content":{"rendered":"<div class=\"wpb-content-wrapper\"><div data-parent=\"true\" class=\"vc_row has-bg need-focus style-color-xsdn-bg row-container\" id=\"row-unique-0\"><div class=\"row col-half-gutter single-top-padding no-bottom-padding exa-h-padding limit-width row-parent\"><div class=\"wpb_row row-inner\"><div class=\"wpb_column pos-top pos-center align_center column_parent col-lg-12 single-internal-gutter\"><div class=\"uncol style-light\"  ><div class=\"uncoltable\"><div class=\"uncell no-block-padding\" ><div class=\"uncont\" ><div class=\"vc_custom_heading_wrap tablet-hidden mobile-hidden\"><div class=\"heading-text el-text\" ><h1 class=\"font-133734 h6 font-weight-100 text-color-jevc-color\" ><span>Let\u2019s talk coffee then!<\/span><\/h1><\/div><div class=\"clear\"><\/div><\/div><div class=\"vc_custom_heading_wrap desktop-hidden\"><div class=\"heading-text el-text\" ><h1 class=\"font-133734 h4 font-weight-100 text-color-jevc-color\" ><span>Let\u2019s talk coffee then!<\/span><\/h1><\/div><div class=\"clear\"><\/div><\/div><\/div><\/div><\/div><\/div><\/div><script id=\"script-row-unique-0\" data-row=\"script-row-unique-0\" type=\"text\/javascript\" class=\"vc_controls\">UNCODE.initRow(document.getElementById(\"row-unique-0\"));<\/script><\/div><\/div><\/div><div data-parent=\"true\" class=\"vc_row passenger-page-content-mobile inverted-device-order row-container\" id=\"row-unique-1\"><div class=\"row unequal col-half-gutter no-top-padding single-bottom-padding single-h-padding full-width row-parent\"><div class=\"wpb_row shift_y_double row-inner\"><div class=\"wpb_column pos-middle pos-right align_right column_parent col-lg-6 single-internal-gutter\"><div class=\"uncol style-light\"  ><div class=\"uncoltable\"><div class=\"uncell no-block-padding\" ><div class=\"uncont\" style=\" max-width:372px;\" ><div class=\"uncode-single-media customimg media-explicit-issue text-left animate_when_almost_visible zoom-in\"><div class=\"single-wrapper\" style=\"max-width: 100%;\"><div class=\"tmb tmb-light  tmb-img-ratio tmb-media-first tmb-media-last tmb-content-overlay tmb-no-bg\"><div class=\"t-inside\"><div class=\"t-entry-visual\"><div class=\"t-entry-visual-tc\"><div class=\"uncode-single-media-wrapper\"><div class=\"dummy\" style=\"padding-top: 133.3%;\"><\/div><img data-dominant-color=\"a47c4a\" data-has-transparency=\"false\" style=\"--dominant-color: #a47c4a;\" decoding=\"async\" class=\"wp-image-124149 not-transparent\" src=\"https:\/\/www.passenger-coffee.de\/wp-content\/uploads\/2024\/12\/klaudiabiesiadalewandowski_sugarintheair_dearklaude_filmphotography_16060120_passengercoffee_fusion-scaled-uai-1452x1936-1.jpg\" width=\"1452\" height=\"1936\" alt=\"\" srcset=\"https:\/\/www.passenger-coffee.de\/wp-content\/uploads\/2024\/12\/klaudiabiesiadalewandowski_sugarintheair_dearklaude_filmphotography_16060120_passengercoffee_fusion-scaled-uai-1452x1936-1.jpg 1452w, https:\/\/www.passenger-coffee.de\/wp-content\/uploads\/2024\/12\/klaudiabiesiadalewandowski_sugarintheair_dearklaude_filmphotography_16060120_passengercoffee_fusion-scaled-uai-1452x1936-1-225x300.jpg 225w, https:\/\/www.passenger-coffee.de\/wp-content\/uploads\/2024\/12\/klaudiabiesiadalewandowski_sugarintheair_dearklaude_filmphotography_16060120_passengercoffee_fusion-scaled-uai-1452x1936-1-768x1024.jpg 768w, https:\/\/www.passenger-coffee.de\/wp-content\/uploads\/2024\/12\/klaudiabiesiadalewandowski_sugarintheair_dearklaude_filmphotography_16060120_passengercoffee_fusion-scaled-uai-1452x1936-1-1152x1536.jpg 1152w, https:\/\/www.passenger-coffee.de\/wp-content\/uploads\/2024\/12\/klaudiabiesiadalewandowski_sugarintheair_dearklaude_filmphotography_16060120_passengercoffee_fusion-scaled-uai-1452x1936-1-9x12.jpg 9w, https:\/\/www.passenger-coffee.de\/wp-content\/uploads\/2024\/12\/klaudiabiesiadalewandowski_sugarintheair_dearklaude_filmphotography_16060120_passengercoffee_fusion-scaled-uai-1452x1936-1-350x467.jpg 350w, https:\/\/www.passenger-coffee.de\/wp-content\/uploads\/2024\/12\/klaudiabiesiadalewandowski_sugarintheair_dearklaude_filmphotography_16060120_passengercoffee_fusion-scaled-uai-1452x1936-1-300x400.jpg 300w, https:\/\/www.passenger-coffee.de\/wp-content\/uploads\/2024\/12\/klaudiabiesiadalewandowski_sugarintheair_dearklaude_filmphotography_16060120_passengercoffee_fusion-scaled-uai-1452x1936-1-600x800.jpg 600w\" sizes=\"(max-width: 1452px) 100vw, 1452px\" \/><\/div>\n\t\t\t\t\t<\/div>\n\t\t\t\t<\/div><\/div><\/div><\/div><\/div><\/div><\/div><\/div><\/div><\/div><div class=\"wpb_column pos-justify pos-center align_left align_center_mobile column_parent col-lg-6 col-md-50 no-internal-gutter\"><div class=\"uncol style-light\"  ><div class=\"uncoltable\"><div class=\"uncell no-block-padding\" ><div class=\"uncont\" style=\" max-width:552px;\" ><div class=\"vc_custom_heading_wrap\"><div class=\"heading-text el-text\" ><h2 class=\"h4 font-weight-100\" ><span>Postal address | Meeting point<\/span><\/h2><\/div><div class=\"clear\"><\/div><\/div><div class=\"uncode_text_column text-small\" ><p><span class=\"font-615382\">passenger coffee GmbH<br \/>\nElsenstr. 38, 12435 Berlin<\/span><\/p>\n<\/div><div class=\"empty-space empty-half\" ><span class=\"empty-space-inner\"><\/span><\/div>\n<div class=\"vc_custom_heading_wrap\"><div class=\"heading-text el-text\" ><h2 class=\"h4 font-weight-100\" ><span>Opening hours | Come by!<\/span><\/h2><\/div><div class=\"clear\"><\/div><\/div><div class=\"uncode_text_column text-small\" ><p><span class=\"font-615382\">Mo. \u2013 Fr. 8:00 am \u2013 5.30 pm<br \/>\nSat. \u2013 Sun. 9:30 am \u2013 5:00 pm<\/span><\/p>\n<\/div><div class=\"empty-space empty-half\" ><span class=\"empty-space-inner\"><\/span><\/div>\n<div class=\"vc_custom_heading_wrap\"><div class=\"heading-text el-text\" ><h2 class=\"h4 font-weight-100\" ><span>Phone | Ring! Ring!<\/span><\/h2><\/div><div class=\"clear\"><\/div><\/div><div class=\"uncode_text_column text-small\" ><p><span class=\"font-615382\">R\u00f6sterei\/B\u00fcro |\u00a0<a href=\"callto:+49 30 23575667\">+49 30 23575667<\/a><\/span><\/p>\n<\/div><div class=\"empty-space empty-half\" ><span class=\"empty-space-inner\"><\/span><\/div>\n<div class=\"vc_custom_heading_wrap\"><div class=\"heading-text el-text\" ><h2 class=\"h4 font-weight-100\" ><span>Email | Ziiiiiiisch!<\/span><\/h2><\/div><div class=\"clear\"><\/div><\/div><div class=\"uncode_text_column text-small\" ><p><a href=\"mailto:info@passenger-coffee.de\"><span class=\"font-615382\">info@passenger-coffee.de<\/span><\/a><\/p>\n<\/div><div class=\"empty-space empty-half\" ><span class=\"empty-space-inner\"><\/span><\/div>\n<div class=\"vc_custom_heading_wrap\"><div class=\"heading-text el-text\" ><h2 class=\"h4 font-weight-100\" ><span>Social Media | On the web<\/span><\/h2><\/div><div class=\"clear\"><\/div><\/div><div class=\"uncode_text_column text-small\" ><p><span class=\"font-615382\">Instagram <a href=\"https:\/\/www.instagram.com\/passenger.berlin\/\" target=\"_blank\" rel=\"noopener\"><span style=\"text-decoration: underline;\">@passenger.berlin<\/span><\/a><br \/>\nFacebook <a href=\"https:\/\/www.facebook.com\/passengercoffeeberlin\" target=\"_blank\" rel=\"noopener\"><span style=\"text-decoration: underline;\">@passengercoffeeberlin<\/span><\/a><\/span><\/p>\n<\/div><\/div><\/div><\/div><\/div><\/div><script id=\"script-row-unique-1\" data-row=\"script-row-unique-1\" type=\"text\/javascript\" class=\"vc_controls\">UNCODE.initRow(document.getElementById(\"row-unique-1\"));<\/script><\/div><\/div><\/div><div data-parent=\"true\" class=\"vc_row has-bg need-focus style-color-xsdn-bg row-container desktop-hidden tablet-hidden mobile-hidden\" id=\"row-unique-2\"><div class=\"row col-half-gutter quad-top-padding triple-bottom-padding exa-h-padding limit-width row-parent\"><div class=\"wpb_row row-inner\"><div class=\"wpb_column pos-top pos-center align_center column_parent col-lg-12 single-internal-gutter\"><div class=\"uncol style-light\"  ><div class=\"uncoltable\"><div class=\"uncell no-block-padding\" ><div class=\"uncont\" ><div class=\"vc_custom_heading_wrap\"><div class=\"heading-text el-text\" ><h3 class=\"font-133734 h3 font-weight-400\" ><span>Sign up to our Newsletter here.<\/span><\/h3><\/div><div class=\"clear\"><\/div><\/div><span class=\"btn-container\" ><a role=\"button\"  href=\"https:\/\/mailchi.mp\/passenger-coffee.de\/newsletter-signup\" class=\"custom-link btn border-width-0 btn-default btn-square btn-outline btn-icon-left\" target=\"_blank\">Sign up for the newsletter<\/a><\/span><\/div><\/div><\/div><\/div><\/div><script id=\"script-row-unique-2\" data-row=\"script-row-unique-2\" type=\"text\/javascript\" class=\"vc_controls\">UNCODE.initRow(document.getElementById(\"row-unique-2\"));<\/script><\/div><\/div><\/div>\n<\/div>","protected":false},"excerpt":{"rendered":"Reden wir \u00fcber Kaffee!Reden wir \u00fcber Kaffee! Adresse Post | Treffenpassenger coffee GmbH Elsenstr. 38, 12435 Berlin \u00d6ffnungszeiten | Komm [...]","protected":false},"author":915,"featured_media":0,"parent":0,"menu_order":25,"comment_status":"closed","ping_status":"closed","template":"","meta":{"footnotes":""},"class_list":["post-26","page","type-page","status-publish","hentry"],"yoast_head":"<!-- This site is optimized with the Yoast SEO plugin v27.3 - https:\/\/yoast.com\/product\/yoast-seo-wordpress\/ -->\n<title>Kontakt - passenger coffee<\/title>\n<meta name=\"robots\" content=\"index, follow, max-snippet:-1, max-image-preview:large, max-video-preview:-1\" \/>\n<link rel=\"canonical\" href=\"https:\/\/www.passenger-coffee.de\/en\/contact\/\" \/>\n<meta property=\"og:locale\" content=\"en_GB\" \/>\n<meta property=\"og:type\" content=\"article\" \/>\n<meta property=\"og:title\" content=\"Kontakt - passenger coffee\" \/>\n<meta property=\"og:url\" content=\"https:\/\/www.passenger-coffee.de\/en\/contact\/\" \/>\n<meta property=\"og:site_name\" content=\"passenger coffee\" \/>\n<meta property=\"article:publisher\" content=\"https:\/\/www.facebook.com\/passengercoffeeberlin\" \/>\n<meta property=\"article:modified_time\" content=\"2026-01-20T08:16:36+00:00\" \/>\n<meta property=\"og:image\" content=\"https:\/\/www.passenger-coffee.com\/wp-content\/uploads\/2022\/02\/passenger-logo.png\" \/>\n<meta name=\"twitter:card\" content=\"summary_large_image\" \/>\n<meta name=\"twitter:image\" content=\"https:\/\/www.passenger-coffee.com\/wp-content\/uploads\/2022\/02\/passenger-logo.png\" \/>\n<meta name=\"twitter:label1\" content=\"Est. reading time\" \/>\n\t<meta name=\"twitter:data1\" content=\"2 minutes\" \/>\n<script type=\"application\/ld+json\" class=\"yoast-schema-graph\">{\"@context\":\"https:\\\/\\\/schema.org\",\"@graph\":[{\"@type\":\"WebPage\",\"@id\":\"https:\\\/\\\/www.passenger-coffee.de\\\/kontakt\\\/\",\"url\":\"https:\\\/\\\/www.passenger-coffee.de\\\/kontakt\\\/\",\"name\":\"Kontakt - passenger coffee\",\"isPartOf\":{\"@id\":\"https:\\\/\\\/www.passenger-coffee.de\\\/#website\"},\"datePublished\":\"2022-02-25T05:53:54+00:00\",\"dateModified\":\"2026-01-20T08:16:36+00:00\",\"breadcrumb\":{\"@id\":\"https:\\\/\\\/www.passenger-coffee.de\\\/kontakt\\\/#breadcrumb\"},\"inLanguage\":\"en-GB\",\"potentialAction\":[{\"@type\":\"ReadAction\",\"target\":[\"https:\\\/\\\/www.passenger-coffee.de\\\/kontakt\\\/\"]}]},{\"@type\":\"BreadcrumbList\",\"@id\":\"https:\\\/\\\/www.passenger-coffee.de\\\/kontakt\\\/#breadcrumb\",\"itemListElement\":[{\"@type\":\"ListItem\",\"position\":1,\"name\":\"Home\",\"item\":\"https:\\\/\\\/www.passenger-coffee.de\\\/\"},{\"@type\":\"ListItem\",\"position\":2,\"name\":\"Kontakt\"}]},{\"@type\":\"WebSite\",\"@id\":\"https:\\\/\\\/www.passenger-coffee.de\\\/#website\",\"url\":\"https:\\\/\\\/www.passenger-coffee.de\\\/\",\"name\":\"passenger coffee\",\"description\":\"We\u2019re passionate about making the best cup of coffee possible, and helping you make it too!\",\"publisher\":{\"@id\":\"https:\\\/\\\/www.passenger-coffee.de\\\/#organization\"},\"potentialAction\":[{\"@type\":\"SearchAction\",\"target\":{\"@type\":\"EntryPoint\",\"urlTemplate\":\"https:\\\/\\\/www.passenger-coffee.de\\\/?s={search_term_string}\"},\"query-input\":{\"@type\":\"PropertyValueSpecification\",\"valueRequired\":true,\"valueName\":\"search_term_string\"}}],\"inLanguage\":\"en-GB\"},{\"@type\":\"Organization\",\"@id\":\"https:\\\/\\\/www.passenger-coffee.de\\\/#organization\",\"name\":\"passenger coffee GmbH\",\"alternateName\":\"passenger coffee\",\"url\":\"https:\\\/\\\/www.passenger-coffee.de\\\/\",\"logo\":{\"@type\":\"ImageObject\",\"inLanguage\":\"en-GB\",\"@id\":\"https:\\\/\\\/www.passenger-coffee.de\\\/#\\\/schema\\\/logo\\\/image\\\/\",\"url\":\"https:\\\/\\\/www.passenger-coffee.de\\\/wp-content\\\/uploads\\\/2025\\\/06\\\/Passenger_Primary-Logo-2.png\",\"contentUrl\":\"https:\\\/\\\/www.passenger-coffee.de\\\/wp-content\\\/uploads\\\/2025\\\/06\\\/Passenger_Primary-Logo-2.png\",\"width\":1301,\"height\":221,\"caption\":\"passenger coffee GmbH\"},\"image\":{\"@id\":\"https:\\\/\\\/www.passenger-coffee.de\\\/#\\\/schema\\\/logo\\\/image\\\/\"},\"sameAs\":[\"https:\\\/\\\/www.facebook.com\\\/passengercoffeeberlin\",\"https:\\\/\\\/www.instagram.com\\\/passenger.berlin\"]}]}<\/script>\n<!-- \/ Yoast SEO plugin. -->","yoast_head_json":{"title":"Kontakt - passenger coffee","robots":{"index":"index","follow":"follow","max-snippet":"max-snippet:-1","max-image-preview":"max-image-preview:large","max-video-preview":"max-video-preview:-1"},"canonical":"https:\/\/www.passenger-coffee.de\/en\/contact\/","og_locale":"en_GB","og_type":"article","og_title":"Kontakt - passenger coffee","og_url":"https:\/\/www.passenger-coffee.de\/en\/contact\/","og_site_name":"passenger coffee","article_publisher":"https:\/\/www.facebook.com\/passengercoffeeberlin","article_modified_time":"2026-01-20T08:16:36+00:00","og_image":[{"url":"https:\/\/www.passenger-coffee.com\/wp-content\/uploads\/2022\/02\/passenger-logo.png","type":"","width":"","height":""}],"twitter_card":"summary_large_image","twitter_image":"https:\/\/www.passenger-coffee.com\/wp-content\/uploads\/2022\/02\/passenger-logo.png","twitter_misc":{"Est. reading time":"2 minutes"},"schema":{"@context":"https:\/\/schema.org","@graph":[{"@type":"WebPage","@id":"https:\/\/www.passenger-coffee.de\/kontakt\/","url":"https:\/\/www.passenger-coffee.de\/kontakt\/","name":"Kontakt - passenger coffee","isPartOf":{"@id":"https:\/\/www.passenger-coffee.de\/#website"},"datePublished":"2022-02-25T05:53:54+00:00","dateModified":"2026-01-20T08:16:36+00:00","breadcrumb":{"@id":"https:\/\/www.passenger-coffee.de\/kontakt\/#breadcrumb"},"inLanguage":"en-GB","potentialAction":[{"@type":"ReadAction","target":["https:\/\/www.passenger-coffee.de\/kontakt\/"]}]},{"@type":"BreadcrumbList","@id":"https:\/\/www.passenger-coffee.de\/kontakt\/#breadcrumb","itemListElement":[{"@type":"ListItem","position":1,"name":"Home","item":"https:\/\/www.passenger-coffee.de\/"},{"@type":"ListItem","position":2,"name":"Kontakt"}]},{"@type":"WebSite","@id":"https:\/\/www.passenger-coffee.de\/#website","url":"https:\/\/www.passenger-coffee.de\/","name":"passenger coffee","description":"We\u2019re passionate about making the best cup of coffee possible, and helping you make it too!","publisher":{"@id":"https:\/\/www.passenger-coffee.de\/#organization"},"potentialAction":[{"@type":"SearchAction","target":{"@type":"EntryPoint","urlTemplate":"https:\/\/www.passenger-coffee.de\/?s={search_term_string}"},"query-input":{"@type":"PropertyValueSpecification","valueRequired":true,"valueName":"search_term_string"}}],"inLanguage":"en-GB"},{"@type":"Organization","@id":"https:\/\/www.passenger-coffee.de\/#organization","name":"passenger coffee GmbH","alternateName":"passenger coffee","url":"https:\/\/www.passenger-coffee.de\/","logo":{"@type":"ImageObject","inLanguage":"en-GB","@id":"https:\/\/www.passenger-coffee.de\/#\/schema\/logo\/image\/","url":"https:\/\/www.passenger-coffee.de\/wp-content\/uploads\/2025\/06\/Passenger_Primary-Logo-2.png","contentUrl":"https:\/\/www.passenger-coffee.de\/wp-content\/uploads\/2025\/06\/Passenger_Primary-Logo-2.png","width":1301,"height":221,"caption":"passenger coffee GmbH"},"image":{"@id":"https:\/\/www.passenger-coffee.de\/#\/schema\/logo\/image\/"},"sameAs":["https:\/\/www.facebook.com\/passengercoffeeberlin","https:\/\/www.instagram.com\/passenger.berlin"]}]}},"_links":{"self":[{"href":"https:\/\/www.passenger-coffee.de\/en\/wp-json\/wp\/v2\/pages\/26","targetHints":{"allow":["GET"]}}],"collection":[{"href":"https:\/\/www.passenger-coffee.de\/en\/wp-json\/wp\/v2\/pages"}],"about":[{"href":"https:\/\/www.passenger-coffee.de\/en\/wp-json\/wp\/v2\/types\/page"}],"author":[{"embeddable":true,"href":"https:\/\/www.passenger-coffee.de\/en\/wp-json\/wp\/v2\/users\/915"}],"replies":[{"embeddable":true,"href":"https:\/\/www.passenger-coffee.de\/en\/wp-json\/wp\/v2\/comments?post=26"}],"version-history":[{"count":36,"href":"https:\/\/www.passenger-coffee.de\/en\/wp-json\/wp\/v2\/pages\/26\/revisions"}],"predecessor-version":[{"id":129994,"href":"https:\/\/www.passenger-coffee.de\/en\/wp-json\/wp\/v2\/pages\/26\/revisions\/129994"}],"wp:attachment":[{"href":"https:\/\/www.passenger-coffee.de\/en\/wp-json\/wp\/v2\/media?parent=26"}],"curies":[{"name":"wp","href":"https:\/\/api.w.org\/{rel}","templated":true}]}}