{"id":122586,"date":"2024-05-21T08:40:52","date_gmt":"2024-05-21T08:40:52","guid":{"rendered":"https:\/\/www.passenger-coffee.de\/?post_type=product&#038;p=122586"},"modified":"2026-05-05T07:52:44","modified_gmt":"2026-05-05T06:52:44","slug":"rwanda","status":"publish","type":"product","link":"https:\/\/www.passenger-coffee.de\/en\/shop\/espressobohnen\/rwanda\/","title":{"rendered":"Rwanda | Vunga"},"content":{"rendered":"<p><span class=\"font-615382\">Region: Nyabihu und Vunga<br \/>\nProducer: Vunga Washing Station, smallholder farmers cooperative<br \/>\nVariety: Red Bourbon<strong><br \/>\n<\/strong>Altitude: 1.650 - 2.000 m<br \/>\nProcessing: washed<\/span><\/p>","protected":false},"excerpt":{"rendered":"<h5 class=\"p1\"><span style=\"font-family: MoskauGrotesk;\">Nectarine, hibiscus and milk chocolate<\/span><\/h5>\n<p><span class=\"font-615382\">This coffee comes from the small Vunga cooperative, which is based in the Nyabihu district of Rwanda\u2019s volcanic region in the north-west of the country. Its outstanding quality owes much to the rich soil, high altitude and abundant rainfall. Yet only a small amount of coffee is grown here due to the challenging weather conditions and lack of infrastructure. <\/span><\/p>\n<p><span class=\"font-615382\">PASSENGER discovered this gem and sources it through <a href=\"http:\/\/rawmaterial.coffee\" target=\"_blank\" rel=\"noopener\"><span style=\"text-decoration: underline;\">RAW MATERIAL COFFEE<\/span><\/a>which exports the Rwanda coffee beans in close cooperation with the <a href=\"https:\/\/murahotrading.com\/\" target=\"_blank\" rel=\"noopener\"><span style=\"text-decoration: underline;\">Muharo Trading Company<\/span><\/a> This Rwanda coffee is part of our <a href=\"https:\/\/www.passenger-coffee.de\/en\/shop\/coffee-beans\/raws\/\" target=\"_blank\" rel=\"noopener\"><span style=\"text-decoration: underline;\">RAWS<\/span><\/a>.<\/span><\/p>","protected":false},"featured_media":125931,"template":"","meta":[],"product_brand":[],"product_cat":[16],"product_tag":[],"class_list":{"0":"post-122586","1":"product","2":"type-product","3":"status-publish","4":"has-post-thumbnail","6":"product_cat-espressobohnen","7":"has-subscription-plans","9":"first","10":"instock","11":"taxable","12":"shipping-taxable","13":"purchasable","14":"product-type-variable","15":"has-default-attributes"},"yoast_head":"<!-- This site is optimized with the Yoast SEO plugin v27.3 - https:\/\/yoast.com\/product\/yoast-seo-wordpress\/ -->\n<title>Rwanda Espressobohnen kaufen | passenger coffee<\/title>\n<meta name=\"robots\" content=\"index, follow, max-snippet:-1, max-image-preview:large, max-video-preview:-1\" \/>\n<link rel=\"canonical\" href=\"https:\/\/www.passenger-coffee.de\/en\/shop\/coffee-beans\/rwanda\/\" \/>\n<meta property=\"og:locale\" content=\"en_GB\" \/>\n<meta property=\"og:type\" content=\"article\" \/>\n<meta property=\"og:title\" content=\"Rwanda Espressobohnen kaufen | passenger coffee\" \/>\n<meta property=\"og:description\" content=\"Nektarine, Hibiskus und Milchschokolade Dieser Kaffee stammt von der kleinen Vunga-Kooperative im Nyabihu-Distrikt, der Vulkanregion Ruandas im Nordwesten des Landes. Die Qualit\u00e4t, bedingt durch den Boden, die H\u00f6henlage und ergiebigen Regen ist \u00fcberragend. Trotzdem wird hier aufgrund der widrigen Wetterbedingungen und mangelnder Infrastruktur nur wenig Kaffee angebaut.   PASSENGER hat diese Perle f\u00fcr sich entdeckt und bezieht sie \u00fcber RAW MATERIAL COFFEE, die durch enge Zusammenarbeit mit der Muharo Trading Company den Export erm\u00f6glichen. Der Kaffee ist Bestandteil unserer Mischung RAWS.\" \/>\n<meta property=\"og:url\" content=\"https:\/\/www.passenger-coffee.de\/en\/shop\/coffee-beans\/rwanda\/\" \/>\n<meta property=\"og:site_name\" content=\"passenger coffee\" \/>\n<meta property=\"article:publisher\" content=\"https:\/\/www.facebook.com\/passengercoffeeberlin\" \/>\n<meta property=\"article:modified_time\" content=\"2026-05-05T06:52:44+00:00\" \/>\n<meta property=\"og:image\" content=\"https:\/\/www.passenger-coffee.de\/wp-content\/uploads\/2024\/05\/rwanda_ai_cropped.jpg\" \/>\n\t<meta property=\"og:image:width\" content=\"1000\" \/>\n\t<meta property=\"og:image:height\" content=\"1334\" \/>\n\t<meta property=\"og:image:type\" content=\"image\/jpeg\" \/>\n<meta name=\"twitter:card\" content=\"summary_large_image\" \/>\n<meta name=\"twitter:label1\" content=\"Est. reading time\" \/>\n\t<meta name=\"twitter:data1\" content=\"1 minute\" \/>\n<script type=\"application\/ld+json\" class=\"yoast-schema-graph\">{\"@context\":\"https:\\\/\\\/schema.org\",\"@graph\":[{\"@type\":\"WebPage\",\"@id\":\"https:\\\/\\\/www.passenger-coffee.de\\\/shop\\\/espressobohnen\\\/rwanda\\\/\",\"url\":\"https:\\\/\\\/www.passenger-coffee.de\\\/shop\\\/espressobohnen\\\/rwanda\\\/\",\"name\":\"Rwanda Espressobohnen kaufen | passenger coffee\",\"isPartOf\":{\"@id\":\"https:\\\/\\\/www.passenger-coffee.de\\\/#website\"},\"primaryImageOfPage\":{\"@id\":\"https:\\\/\\\/www.passenger-coffee.de\\\/shop\\\/espressobohnen\\\/rwanda\\\/#primaryimage\"},\"image\":{\"@id\":\"https:\\\/\\\/www.passenger-coffee.de\\\/shop\\\/espressobohnen\\\/rwanda\\\/#primaryimage\"},\"thumbnailUrl\":\"https:\\\/\\\/www.passenger-coffee.de\\\/wp-content\\\/uploads\\\/2024\\\/05\\\/rwanda_ai_cropped.jpg\",\"datePublished\":\"2024-05-21T08:40:52+00:00\",\"dateModified\":\"2026-05-05T06:52:44+00:00\",\"breadcrumb\":{\"@id\":\"https:\\\/\\\/www.passenger-coffee.de\\\/shop\\\/espressobohnen\\\/rwanda\\\/#breadcrumb\"},\"inLanguage\":\"en-GB\",\"potentialAction\":[{\"@type\":\"ReadAction\",\"target\":[\"https:\\\/\\\/www.passenger-coffee.de\\\/shop\\\/espressobohnen\\\/rwanda\\\/\"]}]},{\"@type\":\"ImageObject\",\"inLanguage\":\"en-GB\",\"@id\":\"https:\\\/\\\/www.passenger-coffee.de\\\/shop\\\/espressobohnen\\\/rwanda\\\/#primaryimage\",\"url\":\"https:\\\/\\\/www.passenger-coffee.de\\\/wp-content\\\/uploads\\\/2024\\\/05\\\/rwanda_ai_cropped.jpg\",\"contentUrl\":\"https:\\\/\\\/www.passenger-coffee.de\\\/wp-content\\\/uploads\\\/2024\\\/05\\\/rwanda_ai_cropped.jpg\",\"width\":1000,\"height\":1334},{\"@type\":\"BreadcrumbList\",\"@id\":\"https:\\\/\\\/www.passenger-coffee.de\\\/shop\\\/espressobohnen\\\/rwanda\\\/#breadcrumb\",\"itemListElement\":[{\"@type\":\"ListItem\",\"position\":1,\"name\":\"Home\",\"item\":\"https:\\\/\\\/www.passenger-coffee.de\\\/\"},{\"@type\":\"ListItem\",\"position\":2,\"name\":\"Passenger Coffee Shop\",\"item\":\"https:\\\/\\\/www.passenger-coffee.de\\\/shop\\\/\"},{\"@type\":\"ListItem\",\"position\":3,\"name\":\"Rwanda | Vunga\"}]},{\"@type\":\"WebSite\",\"@id\":\"https:\\\/\\\/www.passenger-coffee.de\\\/#website\",\"url\":\"https:\\\/\\\/www.passenger-coffee.de\\\/\",\"name\":\"passenger coffee\",\"description\":\"We\u2019re passionate about making the best cup of coffee possible, and helping you make it too!\",\"publisher\":{\"@id\":\"https:\\\/\\\/www.passenger-coffee.de\\\/#organization\"},\"potentialAction\":[{\"@type\":\"SearchAction\",\"target\":{\"@type\":\"EntryPoint\",\"urlTemplate\":\"https:\\\/\\\/www.passenger-coffee.de\\\/?s={search_term_string}\"},\"query-input\":{\"@type\":\"PropertyValueSpecification\",\"valueRequired\":true,\"valueName\":\"search_term_string\"}}],\"inLanguage\":\"en-GB\"},{\"@type\":\"Organization\",\"@id\":\"https:\\\/\\\/www.passenger-coffee.de\\\/#organization\",\"name\":\"passenger coffee GmbH\",\"alternateName\":\"passenger coffee\",\"url\":\"https:\\\/\\\/www.passenger-coffee.de\\\/\",\"logo\":{\"@type\":\"ImageObject\",\"inLanguage\":\"en-GB\",\"@id\":\"https:\\\/\\\/www.passenger-coffee.de\\\/#\\\/schema\\\/logo\\\/image\\\/\",\"url\":\"https:\\\/\\\/www.passenger-coffee.de\\\/wp-content\\\/uploads\\\/2025\\\/06\\\/Passenger_Primary-Logo-2.png\",\"contentUrl\":\"https:\\\/\\\/www.passenger-coffee.de\\\/wp-content\\\/uploads\\\/2025\\\/06\\\/Passenger_Primary-Logo-2.png\",\"width\":1301,\"height\":221,\"caption\":\"passenger coffee GmbH\"},\"image\":{\"@id\":\"https:\\\/\\\/www.passenger-coffee.de\\\/#\\\/schema\\\/logo\\\/image\\\/\"},\"sameAs\":[\"https:\\\/\\\/www.facebook.com\\\/passengercoffeeberlin\",\"https:\\\/\\\/www.instagram.com\\\/passenger.berlin\"]}]}<\/script>\n<!-- \/ Yoast SEO plugin. -->","yoast_head_json":{"title":"Buy Rwanda Espresso Beans | PASSENGER Coffee","robots":{"index":"index","follow":"follow","max-snippet":"max-snippet:-1","max-image-preview":"max-image-preview:large","max-video-preview":"max-video-preview:-1"},"canonical":"https:\/\/www.passenger-coffee.de\/en\/shop\/coffee-beans\/rwanda\/","og_locale":"en_GB","og_type":"article","og_title":"Rwanda Espressobohnen kaufen | passenger coffee","og_description":"Nektarine, Hibiskus und Milchschokolade Dieser Kaffee stammt von der kleinen Vunga-Kooperative im Nyabihu-Distrikt, der Vulkanregion Ruandas im Nordwesten des Landes. Die Qualit\u00e4t, bedingt durch den Boden, die H\u00f6henlage und ergiebigen Regen ist \u00fcberragend. Trotzdem wird hier aufgrund der widrigen Wetterbedingungen und mangelnder Infrastruktur nur wenig Kaffee angebaut.   PASSENGER hat diese Perle f\u00fcr sich entdeckt und bezieht sie \u00fcber RAW MATERIAL COFFEE, die durch enge Zusammenarbeit mit der Muharo Trading Company den Export erm\u00f6glichen. Der Kaffee ist Bestandteil unserer Mischung RAWS.","og_url":"https:\/\/www.passenger-coffee.de\/en\/shop\/coffee-beans\/rwanda\/","og_site_name":"passenger coffee","article_publisher":"https:\/\/www.facebook.com\/passengercoffeeberlin","article_modified_time":"2026-05-05T06:52:44+00:00","og_image":[{"width":1000,"height":1334,"url":"https:\/\/www.passenger-coffee.de\/wp-content\/uploads\/2024\/05\/rwanda_ai_cropped.jpg","type":"image\/jpeg"}],"twitter_card":"summary_large_image","twitter_misc":{"Est. reading time":"1 minute"},"schema":{"@context":"https:\/\/schema.org","@graph":[{"@type":"WebPage","@id":"https:\/\/www.passenger-coffee.de\/shop\/espressobohnen\/rwanda\/","url":"https:\/\/www.passenger-coffee.de\/shop\/espressobohnen\/rwanda\/","name":"Buy Rwanda Espresso Beans | PASSENGER Coffee","isPartOf":{"@id":"https:\/\/www.passenger-coffee.de\/#website"},"primaryImageOfPage":{"@id":"https:\/\/www.passenger-coffee.de\/shop\/espressobohnen\/rwanda\/#primaryimage"},"image":{"@id":"https:\/\/www.passenger-coffee.de\/shop\/espressobohnen\/rwanda\/#primaryimage"},"thumbnailUrl":"https:\/\/www.passenger-coffee.de\/wp-content\/uploads\/2024\/05\/rwanda_ai_cropped.jpg","datePublished":"2024-05-21T08:40:52+00:00","dateModified":"2026-05-05T06:52:44+00:00","breadcrumb":{"@id":"https:\/\/www.passenger-coffee.de\/shop\/espressobohnen\/rwanda\/#breadcrumb"},"inLanguage":"en-GB","potentialAction":[{"@type":"ReadAction","target":["https:\/\/www.passenger-coffee.de\/shop\/espressobohnen\/rwanda\/"]}]},{"@type":"ImageObject","inLanguage":"en-GB","@id":"https:\/\/www.passenger-coffee.de\/shop\/espressobohnen\/rwanda\/#primaryimage","url":"https:\/\/www.passenger-coffee.de\/wp-content\/uploads\/2024\/05\/rwanda_ai_cropped.jpg","contentUrl":"https:\/\/www.passenger-coffee.de\/wp-content\/uploads\/2024\/05\/rwanda_ai_cropped.jpg","width":1000,"height":1334},{"@type":"BreadcrumbList","@id":"https:\/\/www.passenger-coffee.de\/shop\/espressobohnen\/rwanda\/#breadcrumb","itemListElement":[{"@type":"ListItem","position":1,"name":"Home","item":"https:\/\/www.passenger-coffee.de\/"},{"@type":"ListItem","position":2,"name":"Passenger Coffee Shop","item":"https:\/\/www.passenger-coffee.de\/shop\/"},{"@type":"ListItem","position":3,"name":"Rwanda | Vunga"}]},{"@type":"WebSite","@id":"https:\/\/www.passenger-coffee.de\/#website","url":"https:\/\/www.passenger-coffee.de\/","name":"passenger coffee","description":"We\u2019re passionate about making the best cup of coffee possible, and helping you make it too!","publisher":{"@id":"https:\/\/www.passenger-coffee.de\/#organization"},"potentialAction":[{"@type":"SearchAction","target":{"@type":"EntryPoint","urlTemplate":"https:\/\/www.passenger-coffee.de\/?s={search_term_string}"},"query-input":{"@type":"PropertyValueSpecification","valueRequired":true,"valueName":"search_term_string"}}],"inLanguage":"en-GB"},{"@type":"Organization","@id":"https:\/\/www.passenger-coffee.de\/#organization","name":"passenger coffee GmbH","alternateName":"passenger coffee","url":"https:\/\/www.passenger-coffee.de\/","logo":{"@type":"ImageObject","inLanguage":"en-GB","@id":"https:\/\/www.passenger-coffee.de\/#\/schema\/logo\/image\/","url":"https:\/\/www.passenger-coffee.de\/wp-content\/uploads\/2025\/06\/Passenger_Primary-Logo-2.png","contentUrl":"https:\/\/www.passenger-coffee.de\/wp-content\/uploads\/2025\/06\/Passenger_Primary-Logo-2.png","width":1301,"height":221,"caption":"passenger coffee GmbH"},"image":{"@id":"https:\/\/www.passenger-coffee.de\/#\/schema\/logo\/image\/"},"sameAs":["https:\/\/www.facebook.com\/passengercoffeeberlin","https:\/\/www.instagram.com\/passenger.berlin"]}]}},"_links":{"self":[{"href":"https:\/\/www.passenger-coffee.de\/en\/wp-json\/wp\/v2\/product\/122586","targetHints":{"allow":["GET"]}}],"collection":[{"href":"https:\/\/www.passenger-coffee.de\/en\/wp-json\/wp\/v2\/product"}],"about":[{"href":"https:\/\/www.passenger-coffee.de\/en\/wp-json\/wp\/v2\/types\/product"}],"wp:featuredmedia":[{"embeddable":true,"href":"https:\/\/www.passenger-coffee.de\/en\/wp-json\/wp\/v2\/media\/125931"}],"wp:attachment":[{"href":"https:\/\/www.passenger-coffee.de\/en\/wp-json\/wp\/v2\/media?parent=122586"}],"wp:term":[{"taxonomy":"product_brand","embeddable":true,"href":"https:\/\/www.passenger-coffee.de\/en\/wp-json\/wp\/v2\/product_brand?post=122586"},{"taxonomy":"product_cat","embeddable":true,"href":"https:\/\/www.passenger-coffee.de\/en\/wp-json\/wp\/v2\/product_cat?post=122586"},{"taxonomy":"product_tag","embeddable":true,"href":"https:\/\/www.passenger-coffee.de\/en\/wp-json\/wp\/v2\/product_tag?post=122586"}],"curies":[{"name":"wp","href":"https:\/\/api.w.org\/{rel}","templated":true}]}}