{"id":29352,"date":"2022-07-08T11:52:02","date_gmt":"2022-07-08T11:52:02","guid":{"rendered":"https:\/\/devconnector01.de\/?post_type=product&#038;p=29352"},"modified":"2026-03-31T09:41:02","modified_gmt":"2026-03-31T08:41:02","slug":"bialetti-french-press-preziosa","status":"publish","type":"product","link":"https:\/\/www.passenger-coffee.de\/en\/shop\/zubehor\/bialetti-french-press-preziosa\/","title":{"rendered":"Bialetti French Press Preziosa"},"content":{"rendered":"<p>Preserve the finest aromatic oils of your coffee with a French Press. For pure pleasure.<\/p>\n<p>Material: Glass<\/p>","protected":false},"excerpt":{"rendered":"<p>The ideal French press coffee maker.<br \/>\nPreserve the finest aromatic oils of your coffee with a French Press. For pure pleasure.<\/p>\n<p>Erh\u00e4ltlich in einer Gr\u00f6\u00dfe f\u00fcr 8 Tassen &#8211; ein Liter.<\/p>\n<p>Material: Glass<\/p>","protected":false},"featured_media":124217,"template":"","meta":[],"product_brand":[],"product_cat":[23],"product_tag":[],"class_list":{"0":"post-29352","1":"product","2":"type-product","3":"status-publish","4":"has-post-thumbnail","6":"product_cat-zubehor","8":"first","9":"instock","10":"taxable","11":"shipping-taxable","12":"purchasable","13":"product-type-variable","14":"has-default-attributes"},"yoast_head":"<!-- This site is optimized with the Yoast SEO plugin v27.3 - https:\/\/yoast.com\/product\/yoast-seo-wordpress\/ -->\n<title>Bialetti French Press Preziosa kaufen | passenger coffee<\/title>\n<meta name=\"description\" content=\"BIALETTI French Press Preziosa in verschiedenen Gr\u00f6\u00dfen online kaufen \u2713 f\u00fcr 5 oder 8 Tassen \u2713 aus Glas \u25ba Alle Details\" \/>\n<meta name=\"robots\" content=\"index, follow, max-snippet:-1, max-image-preview:large, max-video-preview:-1\" \/>\n<link rel=\"canonical\" href=\"https:\/\/www.passenger-coffee.de\/en\/shop\/equipment\/bialetti-french-press-preziosa\/\" \/>\n<meta property=\"og:locale\" content=\"en_GB\" \/>\n<meta property=\"og:type\" content=\"article\" \/>\n<meta property=\"og:title\" content=\"Bialetti French Press Preziosa kaufen | passenger coffee\" \/>\n<meta property=\"og:description\" content=\"BIALETTI French Press Preziosa in verschiedenen Gr\u00f6\u00dfen online kaufen \u2713 f\u00fcr 5 oder 8 Tassen \u2713 aus Glas \u25ba Alle Details\" \/>\n<meta property=\"og:url\" content=\"https:\/\/www.passenger-coffee.de\/en\/shop\/equipment\/bialetti-french-press-preziosa\/\" \/>\n<meta property=\"og:site_name\" content=\"passenger coffee\" \/>\n<meta property=\"article:publisher\" content=\"https:\/\/www.facebook.com\/passengercoffeeberlin\" \/>\n<meta property=\"article:modified_time\" content=\"2026-03-31T08:41:02+00:00\" \/>\n<meta property=\"og:image\" content=\"https:\/\/www.passenger-coffee.de\/wp-content\/uploads\/2022\/07\/webshop-BIALETTI-FRENCH-PRESS.jpg\" \/>\n\t<meta property=\"og:image:width\" content=\"750\" \/>\n\t<meta property=\"og:image:height\" content=\"1000\" \/>\n\t<meta property=\"og:image:type\" content=\"image\/jpeg\" \/>\n<meta name=\"twitter:card\" content=\"summary_large_image\" \/>\n<meta name=\"twitter:label1\" content=\"Est. reading time\" \/>\n\t<meta name=\"twitter:data1\" content=\"1 minute\" \/>\n<script type=\"application\/ld+json\" class=\"yoast-schema-graph\">{\"@context\":\"https:\\\/\\\/schema.org\",\"@graph\":[{\"@type\":\"WebPage\",\"@id\":\"https:\\\/\\\/www.passenger-coffee.de\\\/shop\\\/zubehor\\\/bialetti-french-press-preziosa\\\/\",\"url\":\"https:\\\/\\\/www.passenger-coffee.de\\\/shop\\\/zubehor\\\/bialetti-french-press-preziosa\\\/\",\"name\":\"Bialetti French Press Preziosa kaufen | passenger coffee\",\"isPartOf\":{\"@id\":\"https:\\\/\\\/www.passenger-coffee.de\\\/#website\"},\"primaryImageOfPage\":{\"@id\":\"https:\\\/\\\/www.passenger-coffee.de\\\/shop\\\/zubehor\\\/bialetti-french-press-preziosa\\\/#primaryimage\"},\"image\":{\"@id\":\"https:\\\/\\\/www.passenger-coffee.de\\\/shop\\\/zubehor\\\/bialetti-french-press-preziosa\\\/#primaryimage\"},\"thumbnailUrl\":\"https:\\\/\\\/www.passenger-coffee.de\\\/wp-content\\\/uploads\\\/2022\\\/07\\\/webshop-BIALETTI-FRENCH-PRESS.jpg\",\"datePublished\":\"2022-07-08T11:52:02+00:00\",\"dateModified\":\"2026-03-31T08:41:02+00:00\",\"description\":\"BIALETTI French Press Preziosa in verschiedenen Gr\u00f6\u00dfen online kaufen \u2713 f\u00fcr 5 oder 8 Tassen \u2713 aus Glas \u25ba Alle Details\",\"breadcrumb\":{\"@id\":\"https:\\\/\\\/www.passenger-coffee.de\\\/shop\\\/zubehor\\\/bialetti-french-press-preziosa\\\/#breadcrumb\"},\"inLanguage\":\"en-GB\",\"potentialAction\":[{\"@type\":\"ReadAction\",\"target\":[\"https:\\\/\\\/www.passenger-coffee.de\\\/shop\\\/zubehor\\\/bialetti-french-press-preziosa\\\/\"]}]},{\"@type\":\"ImageObject\",\"inLanguage\":\"en-GB\",\"@id\":\"https:\\\/\\\/www.passenger-coffee.de\\\/shop\\\/zubehor\\\/bialetti-french-press-preziosa\\\/#primaryimage\",\"url\":\"https:\\\/\\\/www.passenger-coffee.de\\\/wp-content\\\/uploads\\\/2022\\\/07\\\/webshop-BIALETTI-FRENCH-PRESS.jpg\",\"contentUrl\":\"https:\\\/\\\/www.passenger-coffee.de\\\/wp-content\\\/uploads\\\/2022\\\/07\\\/webshop-BIALETTI-FRENCH-PRESS.jpg\",\"width\":750,\"height\":1000},{\"@type\":\"BreadcrumbList\",\"@id\":\"https:\\\/\\\/www.passenger-coffee.de\\\/shop\\\/zubehor\\\/bialetti-french-press-preziosa\\\/#breadcrumb\",\"itemListElement\":[{\"@type\":\"ListItem\",\"position\":1,\"name\":\"Home\",\"item\":\"https:\\\/\\\/www.passenger-coffee.de\\\/\"},{\"@type\":\"ListItem\",\"position\":2,\"name\":\"Passenger Coffee Shop\",\"item\":\"https:\\\/\\\/www.passenger-coffee.de\\\/shop\\\/\"},{\"@type\":\"ListItem\",\"position\":3,\"name\":\"Bialetti French Press Preziosa\"}]},{\"@type\":\"WebSite\",\"@id\":\"https:\\\/\\\/www.passenger-coffee.de\\\/#website\",\"url\":\"https:\\\/\\\/www.passenger-coffee.de\\\/\",\"name\":\"passenger coffee\",\"description\":\"We\u2019re passionate about making the best cup of coffee possible, and helping you make it too!\",\"publisher\":{\"@id\":\"https:\\\/\\\/www.passenger-coffee.de\\\/#organization\"},\"potentialAction\":[{\"@type\":\"SearchAction\",\"target\":{\"@type\":\"EntryPoint\",\"urlTemplate\":\"https:\\\/\\\/www.passenger-coffee.de\\\/?s={search_term_string}\"},\"query-input\":{\"@type\":\"PropertyValueSpecification\",\"valueRequired\":true,\"valueName\":\"search_term_string\"}}],\"inLanguage\":\"en-GB\"},{\"@type\":\"Organization\",\"@id\":\"https:\\\/\\\/www.passenger-coffee.de\\\/#organization\",\"name\":\"passenger coffee GmbH\",\"alternateName\":\"passenger coffee\",\"url\":\"https:\\\/\\\/www.passenger-coffee.de\\\/\",\"logo\":{\"@type\":\"ImageObject\",\"inLanguage\":\"en-GB\",\"@id\":\"https:\\\/\\\/www.passenger-coffee.de\\\/#\\\/schema\\\/logo\\\/image\\\/\",\"url\":\"https:\\\/\\\/www.passenger-coffee.de\\\/wp-content\\\/uploads\\\/2025\\\/06\\\/Passenger_Primary-Logo-2.png\",\"contentUrl\":\"https:\\\/\\\/www.passenger-coffee.de\\\/wp-content\\\/uploads\\\/2025\\\/06\\\/Passenger_Primary-Logo-2.png\",\"width\":1301,\"height\":221,\"caption\":\"passenger coffee GmbH\"},\"image\":{\"@id\":\"https:\\\/\\\/www.passenger-coffee.de\\\/#\\\/schema\\\/logo\\\/image\\\/\"},\"sameAs\":[\"https:\\\/\\\/www.facebook.com\\\/passengercoffeeberlin\",\"https:\\\/\\\/www.instagram.com\\\/passenger.berlin\"]}]}<\/script>\n<!-- \/ Yoast SEO plugin. -->","yoast_head_json":{"title":"Bialetti French Press Preziosa kaufen | passenger coffee","description":"Shop the BIALETTI French Press Preziosa online in different sizes \u2713 holds 5 or 8 cups \u2713 made of glass \u25ba See all product details","robots":{"index":"index","follow":"follow","max-snippet":"max-snippet:-1","max-image-preview":"max-image-preview:large","max-video-preview":"max-video-preview:-1"},"canonical":"https:\/\/www.passenger-coffee.de\/en\/shop\/equipment\/bialetti-french-press-preziosa\/","og_locale":"en_GB","og_type":"article","og_title":"Bialetti French Press Preziosa kaufen | passenger coffee","og_description":"BIALETTI French Press Preziosa in verschiedenen Gr\u00f6\u00dfen online kaufen \u2713 f\u00fcr 5 oder 8 Tassen \u2713 aus Glas \u25ba Alle Details","og_url":"https:\/\/www.passenger-coffee.de\/en\/shop\/equipment\/bialetti-french-press-preziosa\/","og_site_name":"passenger coffee","article_publisher":"https:\/\/www.facebook.com\/passengercoffeeberlin","article_modified_time":"2026-03-31T08:41:02+00:00","og_image":[{"width":750,"height":1000,"url":"https:\/\/www.passenger-coffee.de\/wp-content\/uploads\/2022\/07\/webshop-BIALETTI-FRENCH-PRESS.jpg","type":"image\/jpeg"}],"twitter_card":"summary_large_image","twitter_misc":{"Est. reading time":"1 minute"},"schema":{"@context":"https:\/\/schema.org","@graph":[{"@type":"WebPage","@id":"https:\/\/www.passenger-coffee.de\/shop\/zubehor\/bialetti-french-press-preziosa\/","url":"https:\/\/www.passenger-coffee.de\/shop\/zubehor\/bialetti-french-press-preziosa\/","name":"Bialetti French Press Preziosa kaufen | passenger coffee","isPartOf":{"@id":"https:\/\/www.passenger-coffee.de\/#website"},"primaryImageOfPage":{"@id":"https:\/\/www.passenger-coffee.de\/shop\/zubehor\/bialetti-french-press-preziosa\/#primaryimage"},"image":{"@id":"https:\/\/www.passenger-coffee.de\/shop\/zubehor\/bialetti-french-press-preziosa\/#primaryimage"},"thumbnailUrl":"https:\/\/www.passenger-coffee.de\/wp-content\/uploads\/2022\/07\/webshop-BIALETTI-FRENCH-PRESS.jpg","datePublished":"2022-07-08T11:52:02+00:00","dateModified":"2026-03-31T08:41:02+00:00","description":"Shop the BIALETTI French Press Preziosa online in different sizes \u2713 holds 5 or 8 cups \u2713 made of glass \u25ba See all product details","breadcrumb":{"@id":"https:\/\/www.passenger-coffee.de\/shop\/zubehor\/bialetti-french-press-preziosa\/#breadcrumb"},"inLanguage":"en-GB","potentialAction":[{"@type":"ReadAction","target":["https:\/\/www.passenger-coffee.de\/shop\/zubehor\/bialetti-french-press-preziosa\/"]}]},{"@type":"ImageObject","inLanguage":"en-GB","@id":"https:\/\/www.passenger-coffee.de\/shop\/zubehor\/bialetti-french-press-preziosa\/#primaryimage","url":"https:\/\/www.passenger-coffee.de\/wp-content\/uploads\/2022\/07\/webshop-BIALETTI-FRENCH-PRESS.jpg","contentUrl":"https:\/\/www.passenger-coffee.de\/wp-content\/uploads\/2022\/07\/webshop-BIALETTI-FRENCH-PRESS.jpg","width":750,"height":1000},{"@type":"BreadcrumbList","@id":"https:\/\/www.passenger-coffee.de\/shop\/zubehor\/bialetti-french-press-preziosa\/#breadcrumb","itemListElement":[{"@type":"ListItem","position":1,"name":"Home","item":"https:\/\/www.passenger-coffee.de\/"},{"@type":"ListItem","position":2,"name":"Passenger Coffee Shop","item":"https:\/\/www.passenger-coffee.de\/shop\/"},{"@type":"ListItem","position":3,"name":"Bialetti French Press Preziosa"}]},{"@type":"WebSite","@id":"https:\/\/www.passenger-coffee.de\/#website","url":"https:\/\/www.passenger-coffee.de\/","name":"passenger coffee","description":"We\u2019re passionate about making the best cup of coffee possible, and helping you make it too!","publisher":{"@id":"https:\/\/www.passenger-coffee.de\/#organization"},"potentialAction":[{"@type":"SearchAction","target":{"@type":"EntryPoint","urlTemplate":"https:\/\/www.passenger-coffee.de\/?s={search_term_string}"},"query-input":{"@type":"PropertyValueSpecification","valueRequired":true,"valueName":"search_term_string"}}],"inLanguage":"en-GB"},{"@type":"Organization","@id":"https:\/\/www.passenger-coffee.de\/#organization","name":"passenger coffee GmbH","alternateName":"passenger coffee","url":"https:\/\/www.passenger-coffee.de\/","logo":{"@type":"ImageObject","inLanguage":"en-GB","@id":"https:\/\/www.passenger-coffee.de\/#\/schema\/logo\/image\/","url":"https:\/\/www.passenger-coffee.de\/wp-content\/uploads\/2025\/06\/Passenger_Primary-Logo-2.png","contentUrl":"https:\/\/www.passenger-coffee.de\/wp-content\/uploads\/2025\/06\/Passenger_Primary-Logo-2.png","width":1301,"height":221,"caption":"passenger coffee GmbH"},"image":{"@id":"https:\/\/www.passenger-coffee.de\/#\/schema\/logo\/image\/"},"sameAs":["https:\/\/www.facebook.com\/passengercoffeeberlin","https:\/\/www.instagram.com\/passenger.berlin"]}]}},"_links":{"self":[{"href":"https:\/\/www.passenger-coffee.de\/en\/wp-json\/wp\/v2\/product\/29352","targetHints":{"allow":["GET"]}}],"collection":[{"href":"https:\/\/www.passenger-coffee.de\/en\/wp-json\/wp\/v2\/product"}],"about":[{"href":"https:\/\/www.passenger-coffee.de\/en\/wp-json\/wp\/v2\/types\/product"}],"wp:featuredmedia":[{"embeddable":true,"href":"https:\/\/www.passenger-coffee.de\/en\/wp-json\/wp\/v2\/media\/124217"}],"wp:attachment":[{"href":"https:\/\/www.passenger-coffee.de\/en\/wp-json\/wp\/v2\/media?parent=29352"}],"wp:term":[{"taxonomy":"product_brand","embeddable":true,"href":"https:\/\/www.passenger-coffee.de\/en\/wp-json\/wp\/v2\/product_brand?post=29352"},{"taxonomy":"product_cat","embeddable":true,"href":"https:\/\/www.passenger-coffee.de\/en\/wp-json\/wp\/v2\/product_cat?post=29352"},{"taxonomy":"product_tag","embeddable":true,"href":"https:\/\/www.passenger-coffee.de\/en\/wp-json\/wp\/v2\/product_tag?post=29352"}],"curies":[{"name":"wp","href":"https:\/\/api.w.org\/{rel}","templated":true}]}}